{"id":1002,"date":"2025-09-28T01:32:08","date_gmt":"2025-09-28T01:32:08","guid":{"rendered":"https:\/\/uhmwpe-manufacturer.com\/?post_type=product&#038;p=1002"},"modified":"2025-09-28T01:32:08","modified_gmt":"2025-09-28T01:32:08","slug":"impact-resistant-nylon-plate-tough-polyamide-sheet-supplier","status":"publish","type":"product","link":"https:\/\/uhmwpe-manufacturer.com\/pt\/impact-resistant-nylon-plate-tough-polyamide-sheet-supplier\/","title":{"rendered":"Placa de nylon resistente ao impacto Folha de poliamida resistente Fornecedor"},"content":{"rendered":"<h2>Placa de nylon resistente a impactos para aplica\u00e7\u00f5es industriais<\/h2>\n<p>As nossas placas de nylon resistentes ao impacto s\u00e3o fabricadas a partir de material de poliamida dif\u00edcil, utilizando uma resist\u00eancia superior, resist\u00eancia ao desgaste e durabilidade para atmosferas exigentes. Estas folhas incluem uma absor\u00e7\u00e3o de influ\u00eancia excecional, fric\u00e7\u00e3o reduzida e elevada resist\u00eancia \u00e0 tra\u00e7\u00e3o, tornando-as excelentes para equipamentos, casquilhos, rolamentos e pe\u00e7as estruturais. Imunes \u00e0 abras\u00e3o, aos produtos qu\u00edmicos e \u00e0 humidade, as placas de nylon mant\u00eam uma efici\u00eancia constante mesmo sob cargas pesadas. Prontamente dispon\u00edveis em v\u00e1rias espessuras e cores, s\u00e3o amplamente utilizadas nos mercados autom\u00f3vel, de maquinaria e de constru\u00e7\u00e3o civil. Como um fornecedor respeit\u00e1vel, garantimos produtos de alta qualidade com efici\u00eancia constante para uso a longo prazo.<\/p>","protected":false},"excerpt":{"rendered":"<p>As placas de nylon resistentes ao impacto, fabricadas a partir de poliamida resistente, proporcionam uma excelente for\u00e7a, resist\u00eancia ao desgaste e durabilidade. Ideais para engrenagens, casquilhos, rolamentos e pe\u00e7as estruturais, t\u00eam um bom desempenho sob cargas pesadas e resistem \u00e0 abras\u00e3o, humidade e produtos qu\u00edmicos para uma utiliza\u00e7\u00e3o industrial duradoura.<\/p>","protected":false},"featured_media":1013,"template":"","meta":{"_gspb_post_css":""},"product_brand":[],"product_cat":[23],"product_tag":[107,105,106],"class_list":{"0":"post-1002","1":"product","2":"type-product","3":"status-publish","4":"has-post-thumbnail","6":"product_cat-nylon-sheets","7":"product_tag-impact-resistant-plastic","8":"product_tag-nylon-plate","9":"product_tag-polyamide-sheet","11":"first","12":"instock","13":"shipping-taxable","14":"product-type-simple"},"_links":{"self":[{"href":"https:\/\/uhmwpe-manufacturer.com\/pt\/wp-json\/wp\/v2\/product\/1002","targetHints":{"allow":["GET"]}}],"collection":[{"href":"https:\/\/uhmwpe-manufacturer.com\/pt\/wp-json\/wp\/v2\/product"}],"about":[{"href":"https:\/\/uhmwpe-manufacturer.com\/pt\/wp-json\/wp\/v2\/types\/product"}],"wp:featuredmedia":[{"embeddable":true,"href":"https:\/\/uhmwpe-manufacturer.com\/pt\/wp-json\/wp\/v2\/media\/1013"}],"wp:attachment":[{"href":"https:\/\/uhmwpe-manufacturer.com\/pt\/wp-json\/wp\/v2\/media?parent=1002"}],"wp:term":[{"taxonomy":"product_brand","embeddable":true,"href":"https:\/\/uhmwpe-manufacturer.com\/pt\/wp-json\/wp\/v2\/product_brand?post=1002"},{"taxonomy":"product_cat","embeddable":true,"href":"https:\/\/uhmwpe-manufacturer.com\/pt\/wp-json\/wp\/v2\/product_cat?post=1002"},{"taxonomy":"product_tag","embeddable":true,"href":"https:\/\/uhmwpe-manufacturer.com\/pt\/wp-json\/wp\/v2\/product_tag?post=1002"}],"curies":[{"name":"wp","href":"https:\/\/api.w.org\/{rel}","templated":true}]}}