{"id":989,"date":"2025-09-27T10:16:52","date_gmt":"2025-09-27T10:16:52","guid":{"rendered":"https:\/\/uhmwpe-manufacturer.com\/?post_type=product&#038;p=989"},"modified":"2025-09-27T10:16:53","modified_gmt":"2025-09-27T10:16:53","slug":"cnc-machinery-parts-precision-plastic-components-supplier","status":"publish","type":"product","link":"https:\/\/uhmwpe-manufacturer.com\/es\/cnc-machinery-parts-precision-plastic-components-supplier\/","title":{"rendered":"CNC Machinery Parts Precision Plastic Components Proveedor"},"content":{"rendered":"<h2>Componentes de equipos CNC Distribuidor de piezas de pl\u00e1stico de precisi\u00f3n<\/h2>\n<p>Nuestros componentes para maquinaria CNC est\u00e1n fabricados con pl\u00e1sticos de dise\u00f1o de alto rendimiento, lo que garantiza su durabilidad, precisi\u00f3n y larga vida \u00fatil. Los productos mostrados consisten en equipos, rodillos, casquillos, gu\u00edas y elementos con formas personalizadas ideales para diversos usos industriales. Estas piezas est\u00e1n dise\u00f1adas para ofrecer bajo rozamiento, alta resistencia al desgaste y una excelente capacidad de carga, lo que las hace \u00f3ptimas para sistemas transportadores, equipos de envasado de productos y maquinaria de automatizaci\u00f3n. Disponibles en diferentes tonos y formas, cada pieza puede personalizarse seg\u00fan sus especificaciones concretas, garantizando una integraci\u00f3n perfecta en sus sistemas.<\/p>\n<p>Por qu\u00e9 elegirnos<\/p>\n<p>Componentes de pl\u00e1stico de precisi\u00f3n para equipos CNC<\/p>\n<p>Inmune a la abrasi\u00f3n, los impactos y los productos qu\u00edmicos<\/p>\n<p>Opci\u00f3n ligera pero resistente a los componentes met\u00e1licos<\/p>\n<p>Se ofrece mecanizado a medida para estilos especiales<\/p>","protected":false},"excerpt":{"rendered":"<p>Piezas de maquinaria CNC fabricadas con pl\u00e1sticos t\u00e9cnicos duraderos, incluidos engranajes, casquillos, rodillos y componentes personalizados. Dise\u00f1ados para ofrecer precisi\u00f3n, resistencia al desgaste y un rendimiento uniforme en sistemas de transporte, envasado y automatizaci\u00f3n, ofrecen soluciones fiables y personalizables.<\/p>","protected":false},"featured_media":990,"template":"","meta":{"_gspb_post_css":""},"product_brand":[],"product_cat":[35],"product_tag":[96,97,98],"class_list":{"0":"post-989","1":"product","2":"type-product","3":"status-publish","4":"has-post-thumbnail","6":"product_cat-pp-pe-products","7":"product_tag-cnc-parts","8":"product_tag-plastic-components","9":"product_tag-precision-machining","11":"first","12":"instock","13":"shipping-taxable","14":"product-type-simple"},"_links":{"self":[{"href":"https:\/\/uhmwpe-manufacturer.com\/es\/wp-json\/wp\/v2\/product\/989","targetHints":{"allow":["GET"]}}],"collection":[{"href":"https:\/\/uhmwpe-manufacturer.com\/es\/wp-json\/wp\/v2\/product"}],"about":[{"href":"https:\/\/uhmwpe-manufacturer.com\/es\/wp-json\/wp\/v2\/types\/product"}],"wp:featuredmedia":[{"embeddable":true,"href":"https:\/\/uhmwpe-manufacturer.com\/es\/wp-json\/wp\/v2\/media\/990"}],"wp:attachment":[{"href":"https:\/\/uhmwpe-manufacturer.com\/es\/wp-json\/wp\/v2\/media?parent=989"}],"wp:term":[{"taxonomy":"product_brand","embeddable":true,"href":"https:\/\/uhmwpe-manufacturer.com\/es\/wp-json\/wp\/v2\/product_brand?post=989"},{"taxonomy":"product_cat","embeddable":true,"href":"https:\/\/uhmwpe-manufacturer.com\/es\/wp-json\/wp\/v2\/product_cat?post=989"},{"taxonomy":"product_tag","embeddable":true,"href":"https:\/\/uhmwpe-manufacturer.com\/es\/wp-json\/wp\/v2\/product_tag?post=989"}],"curies":[{"name":"wp","href":"https:\/\/api.w.org\/{rel}","templated":true}]}}