{"id":1120,"date":"2025-09-28T04:06:50","date_gmt":"2025-09-28T04:06:50","guid":{"rendered":"https:\/\/uhmwpe-manufacturer.com\/?post_type=product&#038;p=1120"},"modified":"2025-09-28T04:06:50","modified_gmt":"2025-09-28T04:06:50","slug":"trakmat-recycled-hdpe-ground-protection-and-access-mats","status":"publish","type":"product","link":"https:\/\/uhmwpe-manufacturer.com\/es\/trakmat-recycled-hdpe-ground-protection-and-access-mats\/","title":{"rendered":"Esteras de acceso y protecci\u00f3n del suelo de polietileno de alta densidad reciclado Trakmat"},"content":{"rendered":"<h2>Trakmat Revestimientos de suelo de HDPE reciclado para la defensa del suelo y la accesibilidad<\/h2>\n<p>Los revestimientos de suelo de polietileno de alta densidad reciclado Trakmat est\u00e1n dise\u00f1ados para proporcionar una soluci\u00f3n segura, resistente y respetuosa con el medio ambiente para carreteras temporales, accesos a obras y estabilizaci\u00f3n del suelo. Fabricados a partir de polietileno de alta densidad reciclado de alta calidad, estos revestimientos de suelo son ligeros pero incre\u00edblemente resistentes, por lo que ofrecen una capacidad de carga excepcional para equipos y veh\u00edculos pesados. Su superficie texturizada aumenta la tracci\u00f3n y reduce el deslizamiento en condiciones h\u00famedas o desiguales. Creados para un uso repetido, son f\u00e1ciles de instalar, ordenar y almacenar, lo que los hace ideales para obras de construcci\u00f3n, eventos, dise\u00f1o paisaj\u00edstico y proyectos de servicios p\u00fablicos. Una selecci\u00f3n econ\u00f3mica y sostenible para una defensa fiable del suelo.<\/p>","protected":false},"excerpt":{"rendered":"<p>Las alfombras de acceso y protecci\u00f3n del suelo de polietileno de alta densidad reciclado Trakmat est\u00e1n dise\u00f1adas para proporcionar un soporte duradero y respetuoso con el medio ambiente para maquinaria pesada y veh\u00edculos. Su superficie antideslizante garantiza la seguridad de las operaciones en obras, eventos y proyectos al aire libre, al tiempo que reduce los da\u00f1os al suelo y la compactaci\u00f3n del mismo.<\/p>","protected":false},"featured_media":1123,"template":"","meta":{"_gspb_post_css":""},"product_brand":[],"product_cat":[24,26],"product_tag":[122,72,141],"class_list":{"0":"post-1120","1":"product","2":"type-product","3":"status-publish","4":"has-post-thumbnail","6":"product_cat-ground-protection-road-mats","7":"product_cat-base-mats","8":"product_tag-access-mats","9":"product_tag-ground-protection-mats","10":"product_tag-recycled-hdpe-mats","12":"first","13":"instock","14":"shipping-taxable","15":"product-type-simple"},"_links":{"self":[{"href":"https:\/\/uhmwpe-manufacturer.com\/es\/wp-json\/wp\/v2\/product\/1120","targetHints":{"allow":["GET"]}}],"collection":[{"href":"https:\/\/uhmwpe-manufacturer.com\/es\/wp-json\/wp\/v2\/product"}],"about":[{"href":"https:\/\/uhmwpe-manufacturer.com\/es\/wp-json\/wp\/v2\/types\/product"}],"wp:featuredmedia":[{"embeddable":true,"href":"https:\/\/uhmwpe-manufacturer.com\/es\/wp-json\/wp\/v2\/media\/1123"}],"wp:attachment":[{"href":"https:\/\/uhmwpe-manufacturer.com\/es\/wp-json\/wp\/v2\/media?parent=1120"}],"wp:term":[{"taxonomy":"product_brand","embeddable":true,"href":"https:\/\/uhmwpe-manufacturer.com\/es\/wp-json\/wp\/v2\/product_brand?post=1120"},{"taxonomy":"product_cat","embeddable":true,"href":"https:\/\/uhmwpe-manufacturer.com\/es\/wp-json\/wp\/v2\/product_cat?post=1120"},{"taxonomy":"product_tag","embeddable":true,"href":"https:\/\/uhmwpe-manufacturer.com\/es\/wp-json\/wp\/v2\/product_tag?post=1120"}],"curies":[{"name":"wp","href":"https:\/\/api.w.org\/{rel}","templated":true}]}}